{"id":122,"date":"2019-12-17T06:21:10","date_gmt":"2019-12-17T06:21:10","guid":{"rendered":"http:\/\/localhost\/mccan\/?page_id=7"},"modified":"2023-03-06T23:57:30","modified_gmt":"2023-03-06T23:57:30","slug":"home","status":"publish","type":"page","link":"https:\/\/bealundmark.ch\/index.php\/home\/","title":{"rendered":"Home"},"content":{"rendered":"<section class=\"wpb-content-wrapper\">[vc_row row_type=&#8221;main-section&#8221; wr_section_layout=&#8221;section_grid&#8221;][vc_column]<div class=\"sec-title  \"><h2 class=\"title\" style=\"\">Benvenuti<\/h2><\/div>[vc_column_text]<style>.wp-show-posts-columns#wpsp-489 {margin-left: -2em; }.wp-show-posts-columns#wpsp-489 .wp-show-posts-inner {margin: 0 0 2em 2em; }<\/style><section id=\"wpsp-489\" class=\" wp-show-posts\" style=\"\"><article class=\" wp-show-posts-single wpsp-clearfix post-695 post type-post status-publish format-standard hentry category-i-miei-progetti\" itemtype=\"http:\/\/schema.org\/CreativeWork\" itemscope><div class=\"wp-show-posts-inner\" style=\"\">\t\t\t\t\t\t<header class=\"wp-show-posts-entry-header\">\n\t\t\t\t\t\t\t<h2 class=\"wp-show-posts-entry-title\" itemprop=\"headline\"><a href=\"https:\/\/bealundmark.ch\/index.php\/2023\/10\/10\/clima-carovita-migrazione-viabilita\/\" rel=\"bookmark\">Clima, carovita, migrazione, viabilit\u00e0<\/a><\/h2><div class=\"wp-show-posts-entry-meta wp-show-posts-entry-meta-below-title post-meta-inline\"><span class=\"wp-show-posts-posted-on wp-show-posts-meta\">\n\t\t\t\t\t<a href=\"https:\/\/bealundmark.ch\/index.php\/2023\/10\/10\/clima-carovita-migrazione-viabilita\/\" title=\"08:44\" rel=\"bookmark\"><time class=\"wp-show-posts-entry-date published\" datetime=\"2023-10-10T08:44:15+00:00\" itemprop=\"datePublished\">10 Ottobre  2023<\/time><time class=\"wp-show-posts-updated\" datetime=\"2023-10-10T08:46:37+00:00\" itemprop=\"dateModified\">10 Ottobre  2023<\/time><\/a>\n\t\t\t\t<\/span><\/div>\t\t\t\t\t\t<\/header><!-- .entry-header -->\n\t\t\t\t\t\t\t\t\t\t\t<div class=\"wp-show-posts-entry-summary\" itemprop=\"text\">\n\t\t\t\t\t\t\t<p>In vista delle Elezioni federali del 22 ottobre &#8220;La Regione&#8221; propone la seconda di tre puntate con esponenti non candidati delle principali liste in corsa per le Camere federali: idee&#8230;<\/p>\n\t\t\t\t\t\t<\/div><!-- .entry-summary -->\n\t\t\t\t\t<\/div><!-- wp-show-posts-inner --><div class=\"wpsp-clear\"><\/div><\/article><article class=\" wp-show-posts-single wpsp-clearfix post-689 post type-post status-publish format-standard hentry category-i-miei-progetti\" itemtype=\"http:\/\/schema.org\/CreativeWork\" itemscope><div class=\"wp-show-posts-inner\" style=\"\">\t\t\t\t\t\t<header class=\"wp-show-posts-entry-header\">\n\t\t\t\t\t\t\t<h2 class=\"wp-show-posts-entry-title\" itemprop=\"headline\"><a href=\"https:\/\/bealundmark.ch\/index.php\/2023\/06\/27\/lo-sport-che-unisce\/\" rel=\"bookmark\">Lo sport che unisce<\/a><\/h2><div class=\"wp-show-posts-entry-meta wp-show-posts-entry-meta-below-title post-meta-inline\"><span class=\"wp-show-posts-posted-on wp-show-posts-meta\">\n\t\t\t\t\t<a href=\"https:\/\/bealundmark.ch\/index.php\/2023\/06\/27\/lo-sport-che-unisce\/\" title=\"08:50\" rel=\"bookmark\"><time class=\"wp-show-posts-entry-date published\" datetime=\"2023-06-27T08:50:33+00:00\" itemprop=\"datePublished\">27 Giugno  2023<\/time><time class=\"wp-show-posts-updated\" datetime=\"2023-06-27T09:00:12+00:00\" itemprop=\"dateModified\">27 Giugno  2023<\/time><\/a>\n\t\t\t\t<\/span><\/div>\t\t\t\t\t\t<\/header><!-- .entry-header -->\n\t\t\t\t\t\t\t\t\t\t\t<div class=\"wp-show-posts-entry-summary\" itemprop=\"text\">\n\t\t\t\t\t\t\t<p>Il prossimo 19 agosto sar\u00f2 madrina dell&#8217;evento &#8220;lo sport che unisce&#8221; organizzato in occasione del 50esimo anniversario di inclusione handicap Ticino: sar\u00e0 una giornata all\u2019insegna dello sport, del divertimento e&#8230;<\/p>\n\t\t\t\t\t\t<\/div><!-- .entry-summary -->\n\t\t\t\t\t<\/div><!-- wp-show-posts-inner --><div class=\"wpsp-clear\"><\/div><\/article><article class=\" wp-show-posts-single wpsp-clearfix post-686 post type-post status-publish format-standard hentry category-i-miei-progetti\" itemtype=\"http:\/\/schema.org\/CreativeWork\" itemscope><div class=\"wp-show-posts-inner\" style=\"\">\t\t\t\t\t\t<header class=\"wp-show-posts-entry-header\">\n\t\t\t\t\t\t\t<h2 class=\"wp-show-posts-entry-title\" itemprop=\"headline\"><a href=\"https:\/\/bealundmark.ch\/index.php\/2023\/06\/27\/perche-le-donne-scioperano\/\" rel=\"bookmark\">Perch\u00e9 le donne scioperano?<\/a><\/h2><div class=\"wp-show-posts-entry-meta wp-show-posts-entry-meta-below-title post-meta-inline\"><span class=\"wp-show-posts-posted-on wp-show-posts-meta\">\n\t\t\t\t\t<a href=\"https:\/\/bealundmark.ch\/index.php\/2023\/06\/27\/perche-le-donne-scioperano\/\" title=\"08:41\" rel=\"bookmark\"><time class=\"wp-show-posts-entry-date published\" datetime=\"2023-06-27T08:41:33+00:00\" itemprop=\"datePublished\">27 Giugno  2023<\/time><time class=\"wp-show-posts-updated\" datetime=\"2023-06-27T08:42:24+00:00\" itemprop=\"dateModified\">27 Giugno  2023<\/time><\/a>\n\t\t\t\t<\/span><\/div>\t\t\t\t\t\t<\/header><!-- .entry-header -->\n\t\t\t\t\t\t\t\t\t\t\t<div class=\"wp-show-posts-entry-summary\" itemprop=\"text\">\n\t\t\t\t\t\t\t<p>Perch\u00e9 vogliamo essere ascoltate e prese finalmente e concretamente sul serio, perch\u00e9 \u00e8 da oramai millenni che subiamo discriminazioni; anche se, dall\u2019essere tirate per i capelli dagli uomini delle caverne&#8230;<\/p>\n\t\t\t\t\t\t<\/div><!-- .entry-summary -->\n\t\t\t\t\t<\/div><!-- wp-show-posts-inner --><div class=\"wpsp-clear\"><\/div><\/article><article class=\" wp-show-posts-single wpsp-clearfix post-682 post type-post status-publish format-standard hentry category-i-miei-progetti\" itemtype=\"http:\/\/schema.org\/CreativeWork\" itemscope><div class=\"wp-show-posts-inner\" style=\"\">\t\t\t\t\t\t<header class=\"wp-show-posts-entry-header\">\n\t\t\t\t\t\t\t<h2 class=\"wp-show-posts-entry-title\" itemprop=\"headline\"><a href=\"https:\/\/bealundmark.ch\/index.php\/2023\/05\/16\/facciamo-la-festa-alla-mamma-e-poi\/\" rel=\"bookmark\">Facciamo la festa alla mamma e poi?<\/a><\/h2><div class=\"wp-show-posts-entry-meta wp-show-posts-entry-meta-below-title post-meta-inline\"><span class=\"wp-show-posts-posted-on wp-show-posts-meta\">\n\t\t\t\t\t<a href=\"https:\/\/bealundmark.ch\/index.php\/2023\/05\/16\/facciamo-la-festa-alla-mamma-e-poi\/\" title=\"12:51\" rel=\"bookmark\"><time class=\"wp-show-posts-entry-date published\" datetime=\"2023-05-16T12:51:34+00:00\" itemprop=\"datePublished\">16 Maggio  2023<\/time><time class=\"wp-show-posts-updated\" datetime=\"2023-05-16T12:53:05+00:00\" itemprop=\"dateModified\">16 Maggio  2023<\/time><\/a>\n\t\t\t\t<\/span><\/div>\t\t\t\t\t\t<\/header><!-- .entry-header -->\n\t\t\t\t\t\t\t\t\t\t\t<div class=\"wp-show-posts-entry-summary\" itemprop=\"text\">\n\t\t\t\t\t\t\t<p>\u00c8 passata da qualche giorno la festa della mamma e ora continuiamo pure a farle la festa per vedere cosa succede, o meglio: continuiamo pure a mantenere lo status quo&#8230;<\/p>\n\t\t\t\t\t\t<\/div><!-- .entry-summary -->\n\t\t\t\t\t<\/div><!-- wp-show-posts-inner --><div class=\"wpsp-clear\"><\/div><\/article><article class=\" wp-show-posts-single wpsp-clearfix post-678 post type-post status-publish format-standard hentry category-i-miei-progetti\" itemtype=\"http:\/\/schema.org\/CreativeWork\" itemscope><div class=\"wp-show-posts-inner\" style=\"\">\t\t\t\t\t\t<header class=\"wp-show-posts-entry-header\">\n\t\t\t\t\t\t\t<h2 class=\"wp-show-posts-entry-title\" itemprop=\"headline\"><a href=\"https:\/\/bealundmark.ch\/index.php\/2023\/05\/02\/mancano-medicamenti-per-i-bambini\/\" rel=\"bookmark\">Mancano medicamenti per i bambini!<\/a><\/h2><div class=\"wp-show-posts-entry-meta wp-show-posts-entry-meta-below-title post-meta-inline\"><span class=\"wp-show-posts-posted-on wp-show-posts-meta\">\n\t\t\t\t\t<a href=\"https:\/\/bealundmark.ch\/index.php\/2023\/05\/02\/mancano-medicamenti-per-i-bambini\/\" title=\"12:28\" rel=\"bookmark\"><time class=\"wp-show-posts-entry-date published\" datetime=\"2023-05-02T12:28:59+00:00\" itemprop=\"datePublished\">2 Maggio  2023<\/time><time class=\"wp-show-posts-updated\" datetime=\"2023-05-02T12:30:23+00:00\" itemprop=\"dateModified\">2 Maggio  2023<\/time><\/a>\n\t\t\t\t<\/span><\/div>\t\t\t\t\t\t<\/header><!-- .entry-header -->\n\t\t\t\t\t\t\t\t\t\t\t<div class=\"wp-show-posts-entry-summary\" itemprop=\"text\">\n\t\t\t\t\t\t\t<p>Leggo sul Corriere del Ticino di oggi che l\u2019associazione dei pediatri di base lancia l\u2019allarme sulla mancanza di farmaci per la cura dei minori e mi sovvengo di quando, qualche&#8230;<\/p>\n\t\t\t\t\t\t<\/div><!-- .entry-summary -->\n\t\t\t\t\t<\/div><!-- wp-show-posts-inner --><div class=\"wpsp-clear\"><\/div><\/article><article class=\" wp-show-posts-single wpsp-clearfix post-675 post type-post status-publish format-standard hentry category-i-miei-progetti\" itemtype=\"http:\/\/schema.org\/CreativeWork\" itemscope><div class=\"wp-show-posts-inner\" style=\"\">\t\t\t\t\t\t<header class=\"wp-show-posts-entry-header\">\n\t\t\t\t\t\t\t<h2 class=\"wp-show-posts-entry-title\" itemprop=\"headline\"><a href=\"https:\/\/bealundmark.ch\/index.php\/2023\/04\/05\/la-fine-e-il-mio-inizio\/\" rel=\"bookmark\">\u201cLa fine \u00e8 il mio inizio\u201d<\/a><\/h2><div class=\"wp-show-posts-entry-meta wp-show-posts-entry-meta-below-title post-meta-inline\"><span class=\"wp-show-posts-posted-on wp-show-posts-meta\">\n\t\t\t\t\t<a href=\"https:\/\/bealundmark.ch\/index.php\/2023\/04\/05\/la-fine-e-il-mio-inizio\/\" title=\"10:05\" rel=\"bookmark\"><time class=\"wp-show-posts-entry-date published\" datetime=\"2023-04-05T10:05:53+00:00\" itemprop=\"datePublished\">5 Aprile  2023<\/time><time class=\"wp-show-posts-updated\" datetime=\"2023-04-05T10:07:09+00:00\" itemprop=\"dateModified\">5 Aprile  2023<\/time><\/a>\n\t\t\t\t<\/span><\/div>\t\t\t\t\t\t<\/header><!-- .entry-header -->\n\t\t\t\t\t\t\t\t\t\t\t<div class=\"wp-show-posts-entry-summary\" itemprop=\"text\">\n\t\t\t\t\t\t\t<p>Ecco i miei pensieri post-elettorali pubblicati da Ticinonline: Tiziano Terzani, nel suo libro, parla al figlio Folco di cos&#8217;\u00e8 stata la sua vita &#8220;Se mi chiedi alla fine cosa lascio,&#8230;<\/p>\n\t\t\t\t\t\t<\/div><!-- .entry-summary -->\n\t\t\t\t\t<\/div><!-- wp-show-posts-inner --><div class=\"wpsp-clear\"><\/div><\/article><article class=\" wp-show-posts-single wpsp-clearfix post-673 post type-post status-publish format-standard hentry category-i-miei-progetti\" itemtype=\"http:\/\/schema.org\/CreativeWork\" itemscope><div class=\"wp-show-posts-inner\" style=\"\">\t\t\t\t\t\t<header class=\"wp-show-posts-entry-header\">\n\t\t\t\t\t\t\t<h2 class=\"wp-show-posts-entry-title\" itemprop=\"headline\"><a href=\"https:\/\/bealundmark.ch\/index.php\/2023\/03\/31\/mecut-la-storia-continua\/\" rel=\"bookmark\">#mecut: la storia continua<\/a><\/h2><div class=\"wp-show-posts-entry-meta wp-show-posts-entry-meta-below-title post-meta-inline\"><span class=\"wp-show-posts-posted-on wp-show-posts-meta\">\n\t\t\t\t\t<a href=\"https:\/\/bealundmark.ch\/index.php\/2023\/03\/31\/mecut-la-storia-continua\/\" title=\"10:20\" rel=\"bookmark\"><time class=\"wp-show-posts-entry-date published\" datetime=\"2023-03-31T10:20:28+00:00\" itemprop=\"datePublished\">31 Marzo  2023<\/time><\/a>\n\t\t\t\t<\/span><\/div>\t\t\t\t\t\t<\/header><!-- .entry-header -->\n\t\t\t\t\t\t\t\t\t\t\t<div class=\"wp-show-posts-entry-summary\" itemprop=\"text\">\n\t\t\t\t\t\t\t<p>Qui di seguito riporto il mio articolo apparso poco fa su Tio: Finora ho raccontato storie di discriminazioni vissute da altre persone: la giocatrice di calcio e gran consigliera a&#8230;<\/p>\n\t\t\t\t\t\t<\/div><!-- .entry-summary -->\n\t\t\t\t\t<\/div><!-- wp-show-posts-inner --><div class=\"wpsp-clear\"><\/div><\/article><article class=\" wp-show-posts-single wpsp-clearfix post-671 post type-post status-publish format-standard hentry category-i-miei-progetti\" itemtype=\"http:\/\/schema.org\/CreativeWork\" itemscope><div class=\"wp-show-posts-inner\" style=\"\">\t\t\t\t\t\t<header class=\"wp-show-posts-entry-header\">\n\t\t\t\t\t\t\t<h2 class=\"wp-show-posts-entry-title\" itemprop=\"headline\"><a href=\"https:\/\/bealundmark.ch\/index.php\/2023\/03\/30\/mecult-un-ex-direttore-mi-strizzo-il-culo\/\" rel=\"bookmark\">#mecult: \u201cUn ex direttore mi strizz\u00f2 il culo\u201d<\/a><\/h2><div class=\"wp-show-posts-entry-meta wp-show-posts-entry-meta-below-title post-meta-inline\"><span class=\"wp-show-posts-posted-on wp-show-posts-meta\">\n\t\t\t\t\t<a href=\"https:\/\/bealundmark.ch\/index.php\/2023\/03\/30\/mecult-un-ex-direttore-mi-strizzo-il-culo\/\" title=\"16:17\" rel=\"bookmark\"><time class=\"wp-show-posts-entry-date published\" datetime=\"2023-03-30T16:17:56+00:00\" itemprop=\"datePublished\">30 Marzo  2023<\/time><\/a>\n\t\t\t\t<\/span><\/div>\t\t\t\t\t\t<\/header><!-- .entry-header -->\n\t\t\t\t\t\t\t\t\t\t\t<div class=\"wp-show-posts-entry-summary\" itemprop=\"text\">\n\t\t\t\t\t\t\t<p>Ecco qui l&#8217;articolo pubblicato su Tio inerente il progetto #mecult: \u201cUna volta, subito dopo aver annunciato le mie dimissioni, un direttore mi port\u00f2 fuori a cena e mi strizz\u00f2 il&#8230;<\/p>\n\t\t\t\t\t\t<\/div><!-- .entry-summary -->\n\t\t\t\t\t<\/div><!-- wp-show-posts-inner --><div class=\"wpsp-clear\"><\/div><\/article><article class=\" wp-show-posts-single wpsp-clearfix post-668 post type-post status-publish format-standard hentry category-i-miei-progetti\" itemtype=\"http:\/\/schema.org\/CreativeWork\" itemscope><div class=\"wp-show-posts-inner\" style=\"\">\t\t\t\t\t\t<header class=\"wp-show-posts-entry-header\">\n\t\t\t\t\t\t\t<h2 class=\"wp-show-posts-entry-title\" itemprop=\"headline\"><a href=\"https:\/\/bealundmark.ch\/index.php\/2023\/03\/29\/il-coraggio-di-cambiare-paradigma-lesempio-di-dick-fosbury\/\" rel=\"bookmark\">Il coraggio di cambiare paradigma: l\u2019esempio di Dick Fosbury<\/a><\/h2><div class=\"wp-show-posts-entry-meta wp-show-posts-entry-meta-below-title post-meta-inline\"><span class=\"wp-show-posts-posted-on wp-show-posts-meta\">\n\t\t\t\t\t<a href=\"https:\/\/bealundmark.ch\/index.php\/2023\/03\/29\/il-coraggio-di-cambiare-paradigma-lesempio-di-dick-fosbury\/\" title=\"11:15\" rel=\"bookmark\"><time class=\"wp-show-posts-entry-date published\" datetime=\"2023-03-29T11:15:05+00:00\" itemprop=\"datePublished\">29 Marzo  2023<\/time><time class=\"wp-show-posts-updated\" datetime=\"2023-03-29T11:16:06+00:00\" itemprop=\"dateModified\">29 Marzo  2023<\/time><\/a>\n\t\t\t\t<\/span><\/div>\t\t\t\t\t\t<\/header><!-- .entry-header -->\n\t\t\t\t\t\t\t\t\t\t\t<div class=\"wp-show-posts-entry-summary\" itemprop=\"text\">\n\t\t\t\t\t\t\t<p>L&#8217;opinione di Beatrice Lundmark, pubblicata lo scorso 27 marzo sul Cdt online &#8211; Lo scorso 12 marzo \u00e8 venuto purtroppo a mancare un personaggio geniale dell\u2019atletica mondiale: Dick Fosbury, l\u2019uomo&#8230;<\/p>\n\t\t\t\t\t\t<\/div><!-- .entry-summary -->\n\t\t\t\t\t<\/div><!-- wp-show-posts-inner --><div class=\"wpsp-clear\"><\/div><\/article><article class=\" wp-show-posts-single wpsp-clearfix post-661 post type-post status-publish format-standard has-post-thumbnail hentry category-i-miei-progetti\" itemtype=\"http:\/\/schema.org\/CreativeWork\" itemscope><div class=\"wp-show-posts-inner\" style=\"\">\t\t\t\t\t\t<header class=\"wp-show-posts-entry-header\">\n\t\t\t\t\t\t\t<h2 class=\"wp-show-posts-entry-title\" itemprop=\"headline\"><a href=\"https:\/\/bealundmark.ch\/index.php\/2023\/03\/27\/incontro-con-sarah-akanji-dimostrazione-vivente-che-le-discriminazioni-esistono\/\" rel=\"bookmark\">Incontro con Sarah Akanji: dimostrazione vivente che le discriminazioni esistono<\/a><\/h2><div class=\"wp-show-posts-entry-meta wp-show-posts-entry-meta-below-title post-meta-inline\"><span class=\"wp-show-posts-posted-on wp-show-posts-meta\">\n\t\t\t\t\t<a href=\"https:\/\/bealundmark.ch\/index.php\/2023\/03\/27\/incontro-con-sarah-akanji-dimostrazione-vivente-che-le-discriminazioni-esistono\/\" title=\"11:25\" rel=\"bookmark\"><time class=\"wp-show-posts-entry-date published\" datetime=\"2023-03-27T11:25:03+00:00\" itemprop=\"datePublished\">27 Marzo  2023<\/time><time class=\"wp-show-posts-updated\" datetime=\"2023-03-27T11:28:00+00:00\" itemprop=\"dateModified\">27 Marzo  2023<\/time><\/a>\n\t\t\t\t<\/span><\/div>\t\t\t\t\t\t<\/header><!-- .entry-header -->\n\t\t\t\t\t\t\t<div class=\"wp-show-posts-image  wpsp-image-center \">\n\t\t\t<a href=\"https:\/\/bealundmark.ch\/index.php\/2023\/03\/27\/incontro-con-sarah-akanji-dimostrazione-vivente-che-le-discriminazioni-esistono\/\"  title=\"Incontro con Sarah Akanji: dimostrazione vivente che le discriminazioni esistono\"><img loading=\"lazy\" decoding=\"async\" width=\"2560\" height=\"1920\" src=\"https:\/\/bealundmark.ch\/online\/wp-content\/uploads\/2023\/03\/20230323_222904-scaled.jpg\" class=\"attachment-full size-full wp-post-image\" alt=\"\" itemprop=\"image\" srcset=\"https:\/\/bealundmark.ch\/online\/wp-content\/uploads\/2023\/03\/20230323_222904-scaled.jpg 2560w, https:\/\/bealundmark.ch\/online\/wp-content\/uploads\/2023\/03\/20230323_222904-300x225.jpg 300w, https:\/\/bealundmark.ch\/online\/wp-content\/uploads\/2023\/03\/20230323_222904-1024x768.jpg 1024w, https:\/\/bealundmark.ch\/online\/wp-content\/uploads\/2023\/03\/20230323_222904-768x576.jpg 768w, https:\/\/bealundmark.ch\/online\/wp-content\/uploads\/2023\/03\/20230323_222904-1536x1152.jpg 1536w, https:\/\/bealundmark.ch\/online\/wp-content\/uploads\/2023\/03\/20230323_222904-2048x1536.jpg 2048w\" sizes=\"auto, (max-width: 2560px) 100vw, 2560px\" \/><\/a>\t\t<\/div>\n\t\t\t\t\t\t\t\t<div class=\"wp-show-posts-entry-summary\" itemprop=\"text\">\n\t\t\t\t\t\t\t<p>Leggi l&#8217;articolo apparso oggi su Tio &#8211; Lo scorso 23 marzo ho avuto modo di assistere a un\u2019interessante tavola rotonda organizzata dal Comune di Massagno nell\u2019ambito della settimana contro il&#8230;<\/p>\n\t\t\t\t\t\t<\/div><!-- .entry-summary -->\n\t\t\t\t\t<\/div><!-- wp-show-posts-inner --><div class=\"wpsp-clear\"><\/div><\/article><\/section><!-- .wp-show-posts -->[\/vc_column_text]<div class=\"sec-divider \"><div class=\"divider1\" style=\"margin:60px 0 40px;\"><\/div><\/div>[\/vc_column][\/vc_row][vc_row][vc_column][\/vc_column][\/vc_row]\n<\/section>","protected":false},"excerpt":{"rendered":"<p>[vc_row row_type=&#8221;main-section&#8221; wr_section_layout=&#8221;section_grid&#8221;][vc_column][vc_column_text][\/vc_column_text][\/vc_column][\/vc_row][vc_row][vc_column][\/vc_column]<\/p>\n","protected":false},"author":1,"featured_media":196,"parent":0,"menu_order":0,"comment_status":"closed","ping_status":"closed","template":"","meta":{"footnotes":""},"class_list":["post-122","page","type-page","status-publish","has-post-thumbnail","hentry"],"_links":{"self":[{"href":"https:\/\/bealundmark.ch\/index.php\/wp-json\/wp\/v2\/pages\/122","targetHints":{"allow":["GET"]}}],"collection":[{"href":"https:\/\/bealundmark.ch\/index.php\/wp-json\/wp\/v2\/pages"}],"about":[{"href":"https:\/\/bealundmark.ch\/index.php\/wp-json\/wp\/v2\/types\/page"}],"author":[{"embeddable":true,"href":"https:\/\/bealundmark.ch\/index.php\/wp-json\/wp\/v2\/users\/1"}],"replies":[{"embeddable":true,"href":"https:\/\/bealundmark.ch\/index.php\/wp-json\/wp\/v2\/comments?post=122"}],"version-history":[{"count":37,"href":"https:\/\/bealundmark.ch\/index.php\/wp-json\/wp\/v2\/pages\/122\/revisions"}],"predecessor-version":[{"id":502,"href":"https:\/\/bealundmark.ch\/index.php\/wp-json\/wp\/v2\/pages\/122\/revisions\/502"}],"wp:featuredmedia":[{"embeddable":true,"href":"https:\/\/bealundmark.ch\/index.php\/wp-json\/wp\/v2\/media\/196"}],"wp:attachment":[{"href":"https:\/\/bealundmark.ch\/index.php\/wp-json\/wp\/v2\/media?parent=122"}],"curies":[{"name":"wp","href":"https:\/\/api.w.org\/{rel}","templated":true}]}}