{"id":174,"date":"2023-02-15T13:20:38","date_gmt":"2023-02-15T13:20:38","guid":{"rendered":"https:\/\/bealundmark.ch\/online\/?page_id=174"},"modified":"2023-03-07T22:44:15","modified_gmt":"2023-03-07T22:44:15","slug":"bea","status":"publish","type":"page","link":"https:\/\/bealundmark.ch\/index.php\/bea\/","title":{"rendered":"Bea"},"content":{"rendered":"<section class=\"wpb-content-wrapper\">[vc_row row_type=&#8221;main-section&#8221; wr_section_layout=&#8221;section_grid&#8221;][vc_column]<div class=\"sec-title  \"><h3 class=\"title-small\" style=\"\">Chi sono<\/h3><h2 class=\"title\" style=\"\">Bea Lundmark<\/h2><\/div><div class=\"sec-text  \" style=\"margin:0px 0px 30px 0px;\"><p>\n<p style=\"font-weight: 400;\">Sono nata a Lugano il 26 aprile 1980 da madre italiana e padre di origini ungaro-svedesi. Sono sposata con Beniamino Poserina e ho due figlie: Astrid (classe 2015) e Elettra (Classe 2019). Sono attualmente responsabile comunicazione per il Comune di Massagno (dal 2016) e ho un passato di sportiva d\u2019\u00e9lite (pluricampionessa svizzera di salto in alto e finalista ai Campionati europei) svolgendo la mia carriera agonistica in parallelo agli studi (master in scienze della comunicazione) e al lavoro.<\/p>\n<p style=\"font-weight: 400;\">Prima di fare atletica ho fatto altri sport \u2013 ginnastica attrezzistica, scherma, pallavolo \u2013 poi a 17 anni ho iniziato a fare atletica e mi sono subito dedicata al salto in alto, una grande passione che mi ha permesso di ottenere risultati di livello internazionale fino all\u2019et\u00e0 di 33 anni.<\/p>\n<p style=\"font-weight: 400;\">La strada per me \u00e8 stata pi\u00f9 lunga di quel che pensavo perch\u00e9, oltre allo sport, ho sempre svolto diverse altre attivit\u00e0: ho studiato laureandomi in scienze della comunicazione nel 2004, ho iniziato a lavorare a tempo pieno, e poi a tempo parziale man mano che la carriera sportiva diventava pi\u00f9 importante. La stessa cosa \u00e8 successa in seguito con la gestione della carriera di lavoro accompagnata dalla nascita delle figlie e da tutti gli impegni che ne conseguono, molto pi\u00f9 impegnativi della carriera sportiva.<\/p>\n<p style=\"font-weight: 400;\">Nel 2023 ho deciso di candidarmi per il Gran Consiglio perch\u00e9 credo vada creata una societ\u00e0 pi\u00f9 sana ed equilibrata dove ognuno di noi \u2013 uomo o donna, bambino o bambina, ragazza o ragazzo \u2013 possa esprimere al meglio le proprie potenzialit\u00e0, senza pregiudizi.<\/p>\n<p style=\"font-weight: 400;\"><span style=\"font-weight: 400;\">Nel tempo libero mi piace giocare a tennis, leggere, scrivere, meditare, correre e passeggiare nella natura<\/span>.<\/p>\n<\/p><\/div>[vc_row_inner][vc_column_inner width=&#8221;1\/2&#8243;][wr_vc_lists][wr_vc_list title=&#8221;Nome :&#8221; subtitle=&#8221;Beatrice&#8221; title2=&#8221;15 April 1990&#8243;][wr_vc_list title=&#8221;Cognome :&#8221; subtitle=&#8221;Lundmark&#8221; title2=&#8221;www.mccan.com&#8221;][wr_vc_list title=&#8221;Data di nascita :&#8221; subtitle=&#8221;26 aprile 1980&#8243; title2=&#8221;+1 123 000 4444&#8243;][wr_vc_list title=&#8221;Peso :&#8221; subtitle=&#8221;70 kg&#8221; title2=&#8221;+1 123 000 4444&#8243;][wr_vc_list title=&#8221;Altezza :&#8221; subtitle=&#8221;184 cm&#8221; title2=&#8221;+1 123 000 4444&#8243;][wr_vc_list title=&#8221;Stato civile :&#8221; subtitle=&#8221;sposata con Beniamino Poserina, 2 figlie: Astrid e Elettra&#8221; title2=&#8221;+1 123 000 4444&#8243;][\/wr_vc_lists][\/vc_column_inner][vc_column_inner width=&#8221;1\/2&#8243;][wr_vc_lists][wr_vc_list title=&#8221;Titolo di studio :&#8221; subtitle=&#8221;laurea (master) in scienze della comunicazione&#8221;][wr_vc_list title=&#8221;Occupazione attuale :&#8221; subtitle=&#8221;responsabile Comunicazione Comune di Massagno&#8221;][wr_vc_list title=&#8221;Hobby :&#8221; subtitle=&#8221;leggere, scrivere, giocare a tennis, correre&#8221;][wr_vc_list title=&#8221;Musica :&#8221; subtitle=&#8221;dalla classica al rock&#8221;][wr_vc_list title=&#8221;Carriera sportiva :&#8221; subtitle=&#8221;12 volte campionessa svizzera (periodo 2006-2012) e finalista ai Campionati europei (Barcellona 2010) nella disciplina del salto in alto&#8221;][wr_vc_list title=&#8221;Record personali :&#8221; subtitle=&#8221;salto in alto 1.92 m, salto triplo 12.98 m, salto in lungo 5.86 m&#8221;][\/wr_vc_lists][\/vc_column_inner][\/vc_row_inner]<div class=\"sec-button  \" style=\"\"><a class=\"btn float-btn flat-btn ajax\" href=\"https:\/\/bealundmark.ch\/online\/index.php\/portfolio\/volantino-bea\/\">28 Lundmark Beatrice - 04 Pi\u00f9 Donne<\/a><\/div><div class=\"sec-divider \"><div class=\"divider1\" style=\"margin:60px 0 40px;\"><\/div><\/div>[\/vc_column][\/vc_row][vc_row row_type=&#8221;main-section&#8221; wr_section_layout=&#8221;section_grid&#8221;][vc_column]<div class=\"sec-title  \"><h3 class=\"title-small\" style=\"\">Risultati<\/h3><h2 class=\"title\" style=\"\">Carriera sportiva<\/h2><\/div><div class=\"sec-text  \" style=\"margin:0px 0px 30px 0px;\"><p><strong><em>Personal Best<\/em><\/strong><\/p>\n<p>Outdoor:\u00a0\u00a0\u00a0\u00a0\u00a0\u00a0 1,92 cm (2010)<br \/>\nIndoor: \u00a0\u00a0\u00a0\u00a0\u00a0\u00a0\u00a0\u00a0 1,88 cm (2011)<\/p>\n<p><strong><em>Principali risultati<\/em><\/strong><\/p>\n<ul>\n<li>21\u00b0 posto ai Campionati europei indoor (Parigi 2011)<\/li>\n<\/ul>\n<ul>\n<li>10<sup>\u00b0 <\/sup>posto e qualifica per la finale dei Campionati europei (Barcellona 2010)<\/li>\n<\/ul>\n<ul>\n<li>Meeting Diamond League: Losanna e Birmingham 2011, 8\u00b0 posto<\/li>\n<\/ul>\n<ul>\n<li>Campionati del mondo universitari:\n<ul>\n<li>Universiadi Bangkok 2007, 11\u00b0 posto<\/li>\n<li>Universiadi Izmir 2005, 11\u00b0 posto<\/li>\n<\/ul>\n<\/li>\n<\/ul>\n<ul>\n<li>Coppa Europa:\n<ul>\n<li>Zenica 2007, 4\u00b0 posto<\/li>\n<li>Tallin 2008, 4\u00b0 posto<\/li>\n<li>Bergen 2009, 6\u00b0 posto<\/li>\n<li>Belgrad 2010, 3\u00b0 posto<\/li>\n<li>Izmir 2011, 5\u00b0 posto<\/li>\n<\/ul>\n<\/li>\n<\/ul>\n<ul>\n<li>Jeux de la Francophonie:\n<ul>\n<li>Beirut 2009, medaglia d\u2019argento<\/li>\n<li>Niamey 2005, medaglia di bronzo<\/li>\n<\/ul>\n<\/li>\n<li>Campionati svizzeri: 12 medaglie d\u2019oro (6 indoor,\u00a06 outdoor)<\/li>\n<\/ul>\n<\/p><\/div><div class=\"sec-text  \" style=\"margin:0px 0px 30px 0px;\"><p>A conclusione del mio curriculum di atleta d\u2019\u00e9lite, ho realizzato un libro che riassume in immagini, aforismi e parole il significato e le emozioni vissute in questi anni di sport.<\/p><\/div><div class=\"sec-button  \" style=\"\"><a class=\"btn float-btn flat-btn ajax\" href=\"https:\/\/bealundmark.ch\/online\/LibroBea.pdf\">Scarica il libro<\/a><\/div><div class=\"sec-divider \"><div class=\"divider1\" style=\"margin:60px 0 40px;\"><\/div><\/div><div class=\"sec-title  \"><h3 class=\"title-small\" style=\"\">Non solo sport<\/h3><h2 class=\"title\" style=\"\">Il mio lavoro<\/h2><\/div><div class=\"sec-text  \" style=\"margin:0px 0px 30px 0px;\"><p>\n<p style=\"font-weight: 400;\">Non \u00e8 sicuramente facile ottenere risultati sportivi di buon livello internazionale e avere contemporaneamente una carriera professionale, ed \u00e8 ancora pi\u00f9 difficile avere una carriera professionale accanto alla gestione famigliare e all\u2019impegno di accudimento ed educazione dei figli. Questa dicotomia \u00e8 per me un\u2019importante sfida, che mi motiva ad impegnarmi con passione in ambedue i settori cercando di pianificare in modo ottimale tutti gli impegni che devo affrontare.<\/p>\n<p style=\"font-weight: 400;\"><span style=\"font-weight: 400;\">Per quanto riguarda il lavoro, dal mese di giungo del 2016, sono responsabile comunicazione per il Comune di Massagno. Precedentemente ho lavorato 4 anni (2012-2016) come responsabile PR\/Sponsoring per Coop in Ticino, 4 anni presso il Dicastero Sport della Citt\u00e0 di Lugano (2008-2012) come responsabile eventi, comunicazione &amp; PR &#8211; dove mi sono occupata di organizzazione di eventi sportivi nonch\u00e9 di pubblicazioni dedicate allo sport come il libro \u201cDicastero Sport: 30 anni di passioni e di emozioni\u201d e \u201cCornaredo compie 60 anni!\u201d &#8211; e 4 anni presso l\u2019ufficio comunicazione &amp; PR della Citt\u00e0 di Lugano (2004-2008). Oltre a questo ho collaborato come giornalista freelance per diversi media ticinesi, tra cui il settimanale Azione, la RSI (Radiotelevisione Svizzera di lingua italiana) e il Corriere del Ticino.<\/span><\/p>\n<\/p><\/div>[\/vc_column][\/vc_row]\n<\/section>","protected":false},"excerpt":{"rendered":"<p>[vc_row row_type=&#8221;main-section&#8221; wr_section_layout=&#8221;section_grid&#8221;][vc_column][vc_row_inner][vc_column_inner width=&#8221;1\/2&#8243;][wr_vc_lists][wr_vc_list title=&#8221;Nome :&#8221; subtitle=&#8221;Beatrice&#8221; title2=&#8221;15 April 1990&#8243;][wr_vc_list title=&#8221;Cognome :&#8221; subtitle=&#8221;Lundmark&#8221; title2=&#8221;www.mccan.com&#8221;][wr_vc_list title=&#8221;Data di nascita :&#8221; subtitle=&#8221;26 aprile 1980&#8243; title2=&#8221;+1 123 000 4444&#8243;][wr_vc_list title=&#8221;Peso :&#8221; subtitle=&#8221;70 kg&#8221; title2=&#8221;+1 123 000 4444&#8243;][wr_vc_list title=&#8221;Altezza :&#8221; subtitle=&#8221;184 cm&#8221; title2=&#8221;+1 123 000 4444&#8243;][wr_vc_list title=&#8221;Stato civile :&#8221; subtitle=&#8221;sposata con Beniamino Poserina, 2 figlie: Astrid e Elettra&#8221; title2=&#8221;+1 123<\/p>\n","protected":false},"author":1,"featured_media":506,"parent":0,"menu_order":1,"comment_status":"closed","ping_status":"closed","template":"","meta":{"footnotes":""},"class_list":["post-174","page","type-page","status-publish","has-post-thumbnail","hentry"],"_links":{"self":[{"href":"https:\/\/bealundmark.ch\/index.php\/wp-json\/wp\/v2\/pages\/174","targetHints":{"allow":["GET"]}}],"collection":[{"href":"https:\/\/bealundmark.ch\/index.php\/wp-json\/wp\/v2\/pages"}],"about":[{"href":"https:\/\/bealundmark.ch\/index.php\/wp-json\/wp\/v2\/types\/page"}],"author":[{"embeddable":true,"href":"https:\/\/bealundmark.ch\/index.php\/wp-json\/wp\/v2\/users\/1"}],"replies":[{"embeddable":true,"href":"https:\/\/bealundmark.ch\/index.php\/wp-json\/wp\/v2\/comments?post=174"}],"version-history":[{"count":14,"href":"https:\/\/bealundmark.ch\/index.php\/wp-json\/wp\/v2\/pages\/174\/revisions"}],"predecessor-version":[{"id":522,"href":"https:\/\/bealundmark.ch\/index.php\/wp-json\/wp\/v2\/pages\/174\/revisions\/522"}],"wp:featuredmedia":[{"embeddable":true,"href":"https:\/\/bealundmark.ch\/index.php\/wp-json\/wp\/v2\/media\/506"}],"wp:attachment":[{"href":"https:\/\/bealundmark.ch\/index.php\/wp-json\/wp\/v2\/media?parent=174"}],"curies":[{"name":"wp","href":"https:\/\/api.w.org\/{rel}","templated":true}]}}