{"id":181,"date":"2023-02-15T13:56:41","date_gmt":"2023-02-15T13:56:41","guid":{"rendered":"https:\/\/bealundmark.ch\/online\/?page_id=181"},"modified":"2023-03-07T22:45:49","modified_gmt":"2023-03-07T22:45:49","slug":"i-miei-progetti","status":"publish","type":"page","link":"https:\/\/bealundmark.ch\/index.php\/i-miei-progetti\/","title":{"rendered":"I miei progetti"},"content":{"rendered":"<section class=\"wpb-content-wrapper\">[vc_row row_type=&#8221;main-section&#8221; wr_section_layout=&#8221;section_grid&#8221;][vc_column]<div class=\"sec-title  \"><h3 class=\"title-small\" style=\"\">04 pi\u00f9 donne<\/h3><h2 class=\"title\" style=\"\">La politica<\/h2><\/div><div class=\"sec-text  \" style=\"margin:0px 0px 30px 0px;\"><p>\n<p style=\"font-weight: 400;\">Non avevo mai pensato di fare politica fino a pochi mesi fa quando ho letto un appello della lista Pi\u00f9 Donne che cercava candidate e ho deciso di mettermi a disposizione per dare una voce in pi\u00f9 al tema della parit\u00e0.<\/p>\n<p style=\"font-weight: 400;\">La parit\u00e0 \u00e8 importante per tutti, non solo per le donne, il futuro va costruito insieme non escludendo sistematicamente una parte della popolazione. Bisogna creare una societ\u00e0 pi\u00f9 sana ed equilibrata dove ognuno di noi possa esprimere al meglio le proprie potenzialit\u00e0, senza pregiudizi e nel vantaggio di tutti.<\/p>\n<\/p><\/div><div class=\"sec-button  \" style=\"\"><a class=\"btn float-btn flat-btn ajax\" href=\"https:\/\/bealundmark.ch\/online\/index.php\/portfolio\/volantino-bea\/\">28 Lundmark Beatrice - 04 Pi\u00f9 Donne<\/a><\/div><div class=\"sec-divider \"><div class=\"divider1\" style=\"margin:60px 0 40px;\"><\/div><\/div>[\/vc_column][\/vc_row][vc_row row_type=&#8221;main-section&#8221; wr_section_layout=&#8221;section_grid&#8221;][vc_column]<div class=\"sec-title  \"><h3 class=\"title-small\" style=\"\">Lo sport secondo me...<\/h3><h2 class=\"title\" style=\"\">Carriera sportiva<\/h2><\/div><div class=\"sec-text  \" style=\"margin:0px 0px 30px 0px;\"><p>\n<p style=\"font-weight: 400;\">Lo sport \u00e8 stato per me una grande passione che mi ha permesso di vivere splendide emozioni e di ottenere dei bei risultati a livello internazionale e in particolare la qualifica alla finale dei Campionati Europei di Barcellona nel 2010, la partecipazione ad alcuni meeting della Diamond League e diverse competizioni di livello internazionale, nonostante io non sia mai stata atleta professionista. Tutto questo \u00e8 stato possibile grazie al lavoro fatto insieme al mio allenatore, osteopata e ora marito Beniamino Poserina in oltre 18 anni di duro lavoro e ca 10\u2019000 ore di allenamento, grazie anche alla possibilit\u00e0 di lavorare a tempo parziale e al sostegno dei miei sponsor: Villa Sassa, Piniassociati, Bancastato e Gruppo Atletico Bellinzona.<\/p>\n<p style=\"font-weight: 400;\">Purtroppo durante i Campionati Svizzeri Indoor 2013 ho avuto il primo infortunio grave della mia carriera sportiva: mi sono rotta il legamento crociato anteriore del ginocchio sinistro. Ho provato a gareggiare nuovamente per partecipare agli Europei di Zurigo 2014, ma purtroppo non \u00e8 stato possibile e ho dunque deciso di terminare la mia carriera sportiva.<\/p>\n<\/p><\/div><div class=\"sec-text  \" style=\"\"><p>\n<p style=\"font-weight: 400;\"><span style=\"font-weight: 400;\">A conclusione del mio curriculum di atleta d\u2019\u00e9lite, ho realizzato un libro che riassume in immagini, aforismi e parole il significato e le emozioni vissute in questi anni di sport.<\/span><\/p>\n<\/p><\/div><div class=\"sec-button  \" style=\"\"><a class=\"btn float-btn flat-btn ajax\" href=\"https:\/\/bealundmark.ch\/online\/LibroBea.pdf\">Scarica il libro<\/a><\/div>[\/vc_column][\/vc_row]\n<\/section>","protected":false},"excerpt":{"rendered":"<p>[vc_row row_type=&#8221;main-section&#8221; wr_section_layout=&#8221;section_grid&#8221;][vc_column][\/vc_column][\/vc_row][vc_row row_type=&#8221;main-section&#8221; wr_section_layout=&#8221;section_grid&#8221;][vc_column][\/vc_column]<\/p>\n","protected":false},"author":1,"featured_media":435,"parent":0,"menu_order":2,"comment_status":"closed","ping_status":"closed","template":"","meta":{"footnotes":""},"class_list":["post-181","page","type-page","status-publish","has-post-thumbnail","hentry"],"_links":{"self":[{"href":"https:\/\/bealundmark.ch\/index.php\/wp-json\/wp\/v2\/pages\/181","targetHints":{"allow":["GET"]}}],"collection":[{"href":"https:\/\/bealundmark.ch\/index.php\/wp-json\/wp\/v2\/pages"}],"about":[{"href":"https:\/\/bealundmark.ch\/index.php\/wp-json\/wp\/v2\/types\/page"}],"author":[{"embeddable":true,"href":"https:\/\/bealundmark.ch\/index.php\/wp-json\/wp\/v2\/users\/1"}],"replies":[{"embeddable":true,"href":"https:\/\/bealundmark.ch\/index.php\/wp-json\/wp\/v2\/comments?post=181"}],"version-history":[{"count":11,"href":"https:\/\/bealundmark.ch\/index.php\/wp-json\/wp\/v2\/pages\/181\/revisions"}],"predecessor-version":[{"id":523,"href":"https:\/\/bealundmark.ch\/index.php\/wp-json\/wp\/v2\/pages\/181\/revisions\/523"}],"wp:featuredmedia":[{"embeddable":true,"href":"https:\/\/bealundmark.ch\/index.php\/wp-json\/wp\/v2\/media\/435"}],"wp:attachment":[{"href":"https:\/\/bealundmark.ch\/index.php\/wp-json\/wp\/v2\/media?parent=181"}],"curies":[{"name":"wp","href":"https:\/\/api.w.org\/{rel}","templated":true}]}}